{"id":30965,"date":"2025-09-19T10:18:03","date_gmt":"2025-09-19T08:18:03","guid":{"rendered":"https:\/\/www.medizin-tunisia.com\/product\/humidoflo-hf-2900-d\/"},"modified":"2025-11-26T16:46:42","modified_gmt":"2025-11-26T15:46:42","slug":"humidoflo-hf-2900-d","status":"publish","type":"product","link":"https:\/\/www.medizin-tunisia.com\/en\/product\/humidoflo-hf-2900-d\/","title":{"rendered":"Humidoflo\u00ae HF-2900\u00a0D"},"content":{"rendered":"\t\t<div data-elementor-type=\"wp-post\" data-elementor-id=\"30965\" class=\"elementor elementor-30965\">\n\t\t\t\t\t\t<section class=\"elementor-section elementor-top-section elementor-element elementor-element-9eb3bef elementor-section-stretched elementor-section-boxed elementor-section-height-default elementor-section-height-default sc_fly_static\" data-id=\"9eb3bef\" data-element_type=\"section\" data-settings=\"{&quot;stretch_section&quot;:&quot;section-stretched&quot;,&quot;background_background&quot;:&quot;classic&quot;}\">\n\t\t\t\t\t\t<div class=\"elementor-container elementor-column-gap-extended\">\n\t\t\t\t\t<div class=\"elementor-column elementor-col-100 elementor-top-column elementor-element elementor-element-8a42a87 sc_content_align_inherit sc_layouts_column_icons_position_left sc_fly_static\" data-id=\"8a42a87\" data-element_type=\"column\">\n\t\t\t<div class=\"elementor-widget-wrap elementor-element-populated\">\n\t\t\t\t\t\t<div class=\"elementor-element elementor-element-9e02c75 elementor-tabs-view-horizontal sc_tabs_icon_position_left sc_fly_static elementor-widget elementor-widget-tabs\" data-id=\"9e02c75\" data-element_type=\"widget\" data-widget_type=\"tabs.default\">\n\t\t\t\t<div class=\"elementor-widget-container\">\n\t\t\t\t\t\t\t<div class=\"elementor-tabs\">\n\t\t\t<div class=\"elementor-tabs-wrapper\" role=\"tablist\" >\n\t\t\t\t\t\t\t\t\t<div id=\"elementor-tab-title-1651\" class=\"elementor-tab-title elementor-tab-desktop-title\" aria-selected=\"true\" data-tab=\"1\" role=\"tab\" tabindex=\"0\" aria-controls=\"elementor-tab-content-1651\" aria-expanded=\"false\">D\u00e9tails cl\u00e9s<\/div>\n\t\t\t\t\t\t\t\t\t<div id=\"elementor-tab-title-1652\" class=\"elementor-tab-title elementor-tab-desktop-title\" aria-selected=\"false\" data-tab=\"2\" role=\"tab\" tabindex=\"-1\" aria-controls=\"elementor-tab-content-1652\" aria-expanded=\"false\">Caract\u00e9ristiques<\/div>\n\t\t\t\t\t\t\t\t\t<div id=\"elementor-tab-title-1653\" class=\"elementor-tab-title elementor-tab-desktop-title\" aria-selected=\"false\" data-tab=\"3\" role=\"tab\" tabindex=\"-1\" aria-controls=\"elementor-tab-content-1653\" aria-expanded=\"false\">Film d'introduction<\/div>\n\t\t\t\t\t\t\t<\/div>\n\t\t\t<div class=\"elementor-tabs-content-wrapper\" role=\"tablist\" aria-orientation=\"vertical\">\n\t\t\t\t\t\t\t\t\t<div class=\"elementor-tab-title elementor-tab-mobile-title\" aria-selected=\"true\" data-tab=\"1\" role=\"tab\" tabindex=\"0\" aria-controls=\"elementor-tab-content-1651\" aria-expanded=\"false\">D\u00e9tails cl\u00e9s<\/div>\n\t\t\t\t\t<div id=\"elementor-tab-content-1651\" class=\"elementor-tab-content elementor-clearfix\" data-tab=\"1\" role=\"tabpanel\" aria-labelledby=\"elementor-tab-title-1651\" tabindex=\"0\" hidden=\"false\"><p><img decoding=\"async\" src=\"https:\/\/www.medizin-tunisia.com\/wp-content\/uploads\/2025\/09\/humidoflo-2.webp\" \/><\/p><\/div>\n\t\t\t\t\t\t\t\t\t<div class=\"elementor-tab-title elementor-tab-mobile-title\" aria-selected=\"false\" data-tab=\"2\" role=\"tab\" tabindex=\"-1\" aria-controls=\"elementor-tab-content-1652\" aria-expanded=\"false\">Caract\u00e9ristiques<\/div>\n\t\t\t\t\t<div id=\"elementor-tab-content-1652\" class=\"elementor-tab-content elementor-clearfix\" data-tab=\"2\" role=\"tabpanel\" aria-labelledby=\"elementor-tab-title-1652\" tabindex=\"0\" hidden=\"hidden\"><p><img decoding=\"async\" src=\"https:\/\/www.medizin-tunisia.com\/wp-content\/uploads\/2025\/09\/2900.webp\" \/><\/p><\/div>\n\t\t\t\t\t\t\t\t\t<div class=\"elementor-tab-title elementor-tab-mobile-title\" aria-selected=\"false\" data-tab=\"3\" role=\"tab\" tabindex=\"-1\" aria-controls=\"elementor-tab-content-1653\" aria-expanded=\"false\">Film d'introduction<\/div>\n\t\t\t\t\t<div id=\"elementor-tab-content-1653\" class=\"elementor-tab-content elementor-clearfix\" data-tab=\"3\" role=\"tabpanel\" aria-labelledby=\"elementor-tab-title-1653\" tabindex=\"0\" hidden=\"hidden\"><h2>\u00a0<\/h2><p><iframe title=\"YouTube video player\" src=\"https:\/\/www.youtube.com\/embed\/GAzh9tYnay0\" width=\"560\" height=\"500\" frameborder=\"0\" allowfullscreen=\"allowfullscreen\"><br \/><\/iframe><\/p><p>\u00a0<\/p><\/div>\n\t\t\t\t\t\t\t<\/div>\n\t\t<\/div>\n\t\t\t\t\t\t<\/div>\n\t\t\t\t<\/div>\n\t\t\t\t\t<\/div>\n\t\t<\/div>\n\t\t\t\t\t<\/div>\n\t\t<\/section>\n\t\t\t\t<section class=\"elementor-section elementor-top-section elementor-element elementor-element-7e27049 elementor-section-full_width elementor-section-stretched elementor-section-height-default elementor-section-height-default sc_fly_static\" data-id=\"7e27049\" data-element_type=\"section\" data-settings=\"{&quot;stretch_section&quot;:&quot;section-stretched&quot;,&quot;background_background&quot;:&quot;classic&quot;}\">\n\t\t\t\t\t\t<div class=\"elementor-container elementor-column-gap-no\">\n\t\t\t\t\t<div class=\"elementor-column elementor-col-33 elementor-top-column elementor-element elementor-element-ec0a127 sc_content_align_inherit sc_layouts_column_icons_position_left sc_fly_static\" data-id=\"ec0a127\" data-element_type=\"column\">\n\t\t\t<div class=\"elementor-widget-wrap elementor-element-populated\">\n\t\t\t\t\t\t<div class=\"elementor-element elementor-element-3adcfb5 sc_fly_static elementor-widget elementor-widget-image\" data-id=\"3adcfb5\" data-element_type=\"widget\" data-widget_type=\"image.default\">\n\t\t\t\t<div class=\"elementor-widget-container\">\n\t\t\t\t\t\t\t\t\t\t\t\t\t\t\t<img decoding=\"async\" src=\"https:\/\/www.medizin-tunisia.com\/wp-content\/uploads\/elementor\/thumbs\/Design-sans-titre-2025-11-26T164148.617-rfa4i566s170ukzfa1xc3gffl0xu42sp8k0pfnxry0.png\" title=\"Design sans titre &#8211; 2025-11-26T164148.617\" alt=\"Design sans titre - 2025-11-26T164148.617\" loading=\"lazy\" \/>\t\t\t\t\t\t\t\t\t\t\t\t\t\t\t<\/div>\n\t\t\t\t<\/div>\n\t\t\t\t\t<\/div>\n\t\t<\/div>\n\t\t\t\t<div class=\"elementor-column elementor-col-66 elementor-top-column elementor-element elementor-element-dcce6c1 sc_content_align_inherit sc_layouts_column_icons_position_left sc_fly_static\" data-id=\"dcce6c1\" data-element_type=\"column\">\n\t\t\t<div class=\"elementor-widget-wrap elementor-element-populated\">\n\t\t\t\t\t\t<div class=\"elementor-element elementor-element-0fc3fdd elementor-widget-tablet__width-initial sc_fly_static elementor-widget elementor-widget-trx_sc_title\" data-id=\"0fc3fdd\" data-element_type=\"widget\" data-widget_type=\"trx_sc_title.default\">\n\t\t\t\t<div class=\"elementor-widget-container\">\n\t\t\t\t\t<div\t\tclass=\"sc_title sc_title_default\" ><h1 class=\"sc_item_title sc_title_title sc_item_title_style_default sc_item_title_tag\"\n\t\t\t><span class=\"sc_item_title_text\">Aper\u00e7u de nos t\u00e9l\u00e9chargements importants\n<\/span><\/h1><\/div>\t\t\t\t<\/div>\n\t\t\t\t<\/div>\n\t\t\t\t<div class=\"elementor-element elementor-element-81db60a sc_fly_static elementor-widget elementor-widget-spacer\" data-id=\"81db60a\" data-element_type=\"widget\" data-widget_type=\"spacer.default\">\n\t\t\t\t<div class=\"elementor-widget-container\">\n\t\t\t\t\t\t\t<div class=\"elementor-spacer\">\n\t\t\t<div class=\"elementor-spacer-inner\"><\/div>\n\t\t<\/div>\n\t\t\t\t\t\t<\/div>\n\t\t\t\t<\/div>\n\t\t\t\t<section class=\"elementor-section elementor-inner-section elementor-element elementor-element-4c57218 elementor-section-boxed elementor-section-height-default elementor-section-height-default sc_fly_static\" data-id=\"4c57218\" data-element_type=\"section\">\n\t\t\t\t\t\t<div class=\"elementor-container elementor-column-gap-extended\">\n\t\t\t\t\t<div class=\"elementor-column elementor-col-50 elementor-inner-column elementor-element elementor-element-359d9df sc_content_align_inherit sc_layouts_column_icons_position_left sc_fly_static\" data-id=\"359d9df\" data-element_type=\"column\">\n\t\t\t<div class=\"elementor-widget-wrap elementor-element-populated\">\n\t\t\t\t\t\t<div class=\"elementor-element elementor-element-b565b6f elementor-icon-list--layout-traditional elementor-list-item-link-full_width sc_fly_static elementor-widget elementor-widget-icon-list\" data-id=\"b565b6f\" data-element_type=\"widget\" data-widget_type=\"icon-list.default\">\n\t\t\t\t<div class=\"elementor-widget-container\">\n\t\t\t\t\t\t\t<ul class=\"elementor-icon-list-items\">\n\t\t\t\t\t\t\t<li class=\"elementor-icon-list-item\">\n\t\t\t\t\t\t\t\t\t\t\t<a href=\"https:\/\/www.medizin-tunisia.com\/wp-content\/uploads\/2025\/10\/HF2900D.pdf\" target=\"_blank\">\n\n\t\t\t\t\t\t\t\t\t\t\t\t<span class=\"elementor-icon-list-icon\">\n\t\t\t\t\t\t\t<svg xmlns=\"http:\/\/www.w3.org\/2000\/svg\" width=\"20\" height=\"20\" viewBox=\"0 0 24 24\" fill=\"none\" stroke=\"#003366\" stroke-width=\"2\" stroke-linecap=\"round\" stroke-linejoin=\"round\"><path d=\"M21 15v4a2 2 0 0 1-2 2H5a2 2 0 0 1-2-2v-4\"><\/path><polyline points=\"7 10 12 15 17 10\"><\/polyline><line x1=\"12\" y1=\"15\" x2=\"12\" y2=\"3\"><\/line><\/svg>\t\t\t\t\t\t<\/span>\n\t\t\t\t\t\t\t\t\t\t<span class=\"elementor-icon-list-text\">HF2900D.pdf<\/span>\n\t\t\t\t\t\t\t\t\t\t\t<\/a>\n\t\t\t\t\t\t\t\t\t<\/li>\n\t\t\t\t\t\t<\/ul>\n\t\t\t\t\t\t<\/div>\n\t\t\t\t<\/div>\n\t\t\t\t\t<\/div>\n\t\t<\/div>\n\t\t\t\t<div class=\"elementor-column elementor-col-50 elementor-inner-column elementor-element elementor-element-c59bdac sc_content_align_inherit sc_layouts_column_icons_position_left sc_fly_static\" data-id=\"c59bdac\" data-element_type=\"column\">\n\t\t\t<div class=\"elementor-widget-wrap\">\n\t\t\t\t\t\t\t<\/div>\n\t\t<\/div>\n\t\t\t\t\t<\/div>\n\t\t<\/section>\n\t\t\t\t<div class=\"elementor-element elementor-element-a8a127f sc_fly_static elementor-widget elementor-widget-spacer\" data-id=\"a8a127f\" data-element_type=\"widget\" data-widget_type=\"spacer.default\">\n\t\t\t\t<div class=\"elementor-widget-container\">\n\t\t\t\t\t\t\t<div class=\"elementor-spacer\">\n\t\t\t<div class=\"elementor-spacer-inner\"><\/div>\n\t\t<\/div>\n\t\t\t\t\t\t<\/div>\n\t\t\t\t<\/div>\n\t\t\t\t\t<\/div>\n\t\t<\/div>\n\t\t\t\t\t<\/div>\n\t\t<\/section>\n\t\t\t\t<section class=\"elementor-section elementor-top-section elementor-element elementor-element-2deff29 elementor-section-full_width elementor-section-stretched elementor-section-height-default elementor-section-height-default sc_fly_static\" data-id=\"2deff29\" data-element_type=\"section\" data-settings=\"{&quot;stretch_section&quot;:&quot;section-stretched&quot;,&quot;background_background&quot;:&quot;classic&quot;}\">\n\t\t\t\t\t\t<div class=\"elementor-container elementor-column-gap-no\">\n\t\t\t\t\t<div class=\"elementor-column elementor-col-100 elementor-top-column elementor-element elementor-element-9572c05 sc_content_align_inherit sc_layouts_column_icons_position_left sc_fly_static\" data-id=\"9572c05\" data-element_type=\"column\">\n\t\t\t<div class=\"elementor-widget-wrap elementor-element-populated\">\n\t\t\t\t\t\t<div class=\"elementor-element elementor-element-d31d0a4 sc_fly_static elementor-widget elementor-widget-spacer\" data-id=\"d31d0a4\" data-element_type=\"widget\" data-widget_type=\"spacer.default\">\n\t\t\t\t<div class=\"elementor-widget-container\">\n\t\t\t\t\t\t\t<div class=\"elementor-spacer\">\n\t\t\t<div class=\"elementor-spacer-inner\"><\/div>\n\t\t<\/div>\n\t\t\t\t\t\t<\/div>\n\t\t\t\t<\/div>\n\t\t\t\t<section class=\"elementor-section elementor-inner-section elementor-element elementor-element-f00b86b elementor-section-boxed elementor-section-height-default elementor-section-height-default sc_fly_static\" data-id=\"f00b86b\" data-element_type=\"section\">\n\t\t\t\t\t\t<div class=\"elementor-container elementor-column-gap-extended\">\n\t\t\t\t\t<div class=\"elementor-column elementor-col-50 elementor-inner-column elementor-element elementor-element-667afcb sc_content_align_inherit sc_layouts_column_icons_position_left sc_fly_static\" data-id=\"667afcb\" data-element_type=\"column\">\n\t\t\t<div class=\"elementor-widget-wrap\">\n\t\t\t\t\t\t\t<\/div>\n\t\t<\/div>\n\t\t\t\t<div class=\"elementor-column elementor-col-50 elementor-inner-column elementor-element elementor-element-624bd5b sc_content_align_inherit sc_layouts_column_icons_position_left sc_fly_static\" data-id=\"624bd5b\" data-element_type=\"column\" data-settings=\"{&quot;background_background&quot;:&quot;classic&quot;}\">\n\t\t\t<div class=\"elementor-widget-wrap elementor-element-populated\">\n\t\t\t\t\t\t<div class=\"elementor-element elementor-element-2d85522 elementor-widget-tablet__width-initial sc_fly_static elementor-widget elementor-widget-trx_sc_title\" data-id=\"2d85522\" data-element_type=\"widget\" data-widget_type=\"trx_sc_title.default\">\n\t\t\t\t<div class=\"elementor-widget-container\">\n\t\t\t\t\t<div\t\tclass=\"sc_title sc_title_default\" ><h1 class=\"sc_item_title sc_title_title sc_item_title_style_default sc_item_title_tag trx_addons_inline_677956748\"\n\t\t\t><span class=\"sc_item_title_text\">Votre satisfaction est notre priorit\u00e9.\n<\/span><\/h1><div class=\"sc_item_descr sc_title_descr sc_item_descr_with_custom_color trx_addons_inline_475317315\"><p>Notre \u00e9quipe est toujours pr\u00eate \u00e0 vous\u00a0accompagner.<\/p>\n<\/div><div\tclass=\"sc_item_button sc_button_wrap sc_item_button sc_item_button_default sc_item_button_size_normal sc_title_button\"><a href=\"https:\/\/www.medizin-tunisia.com\/contact\/\" class=\"sc_button sc_button_default sc_button_size_normal sc_button_icon_left\"><span class=\"sc_button_text\"><span class=\"sc_button_title\">Contactez maintenant<\/span><\/span><\/a><\/div><\/div>\t\t\t\t<\/div>\n\t\t\t\t<\/div>\n\t\t\t\t\t<\/div>\n\t\t<\/div>\n\t\t\t\t\t<\/div>\n\t\t<\/section>\n\t\t\t\t<div class=\"elementor-element elementor-element-2a9badc sc_fly_static elementor-widget elementor-widget-spacer\" data-id=\"2a9badc\" data-element_type=\"widget\" data-widget_type=\"spacer.default\">\n\t\t\t\t<div class=\"elementor-widget-container\">\n\t\t\t\t\t\t\t<div class=\"elementor-spacer\">\n\t\t\t<div class=\"elementor-spacer-inner\"><\/div>\n\t\t<\/div>\n\t\t\t\t\t\t<\/div>\n\t\t\t\t<\/div>\n\t\t\t\t\t<\/div>\n\t\t<\/div>\n\t\t\t\t\t<\/div>\n\t\t<\/section>\n\t\t\t\t<\/div>\n\t\t","protected":false},"excerpt":{"rendered":"<p><strong>Model\uff1a<\/strong>HF-2900D<\/p>\n<p><strong>HUMIDOFLO<\/strong><br \/>\nIntensive care\/ Home care<\/p>\n","protected":false},"featured_media":30966,"comment_status":"open","ping_status":"closed","template":"","meta":{"inline_featured_image":false},"product_brand":[],"product_cat":[287,287,284,284],"product_tag":[328,327,329,327,328,329],"class_list":{"0":"post-30965","1":"product","2":"type-product","3":"status-publish","4":"has-post-thumbnail","6":"product_cat-high-flow-ventilation-system","8":"product_cat-respiratory-ventilation-intensive-care","10":"product_tag-simple-en","11":"product_tag-available-en","12":"product_tag-smart-en","17":"first","18":"instock","19":"shipping-taxable","20":"product-type-simple"},"yoast_head":"<!-- This site is optimized with the Yoast SEO plugin v26.1.1 - https:\/\/yoast.com\/wordpress\/plugins\/seo\/ -->\n<title>Humidoflo\u00ae HF-2900\u00a0D | Medizin Tunisia<\/title>\n<meta name=\"description\" content=\"Model\uff1aHF-2900D  HUMIDOFLO Intensive care\/ Home care\" \/>\n<meta name=\"robots\" content=\"index, follow, max-snippet:-1, max-image-preview:large, max-video-preview:-1\" \/>\n<link rel=\"canonical\" href=\"https:\/\/www.medizin-tunisia.com\/en\/product\/humidoflo-hf-2900-d\/\" \/>\n<meta property=\"og:locale\" content=\"en_US\" \/>\n<meta property=\"og:type\" content=\"article\" \/>\n<meta property=\"og:title\" content=\"Humidoflo\u00ae HF-2900\u00a0D | Medizin Tunisia\" \/>\n<meta property=\"og:description\" content=\"Model\uff1aHF-2900D  HUMIDOFLO Intensive care\/ Home care\" \/>\n<meta property=\"og:url\" content=\"https:\/\/www.medizin-tunisia.com\/en\/product\/humidoflo-hf-2900-d\/\" \/>\n<meta property=\"og:site_name\" content=\"Medizin Tunisia\" \/>\n<meta property=\"article:publisher\" content=\"https:\/\/www.facebook.com\/profile.php?id=100064250676214\" \/>\n<meta property=\"article:modified_time\" content=\"2025-11-26T15:46:42+00:00\" \/>\n<meta property=\"og:image\" content=\"https:\/\/www.medizin-tunisia.com\/wp-content\/uploads\/2025\/09\/f_20210622152613vmb4xq.webp\" \/>\n\t<meta property=\"og:image:width\" content=\"800\" \/>\n\t<meta property=\"og:image:height\" content=\"800\" \/>\n\t<meta property=\"og:image:type\" content=\"image\/webp\" \/>\n<meta name=\"twitter:card\" content=\"summary_large_image\" \/>\n<meta name=\"twitter:label1\" content=\"Est. reading time\" \/>\n\t<meta name=\"twitter:data1\" content=\"1 minute\" \/>\n<script type=\"application\/ld+json\" class=\"yoast-schema-graph\">{\"@context\":\"https:\/\/schema.org\",\"@graph\":[{\"@type\":\"WebPage\",\"@id\":\"https:\/\/www.medizin-tunisia.com\/en\/product\/humidoflo-hf-2900-d\/\",\"url\":\"https:\/\/www.medizin-tunisia.com\/en\/product\/humidoflo-hf-2900-d\/\",\"name\":\"Humidoflo\u00ae HF-2900\u00a0D | Medizin Tunisia\",\"isPartOf\":{\"@id\":\"https:\/\/www.medizin-tunisia.com\/#website\"},\"primaryImageOfPage\":{\"@id\":\"https:\/\/www.medizin-tunisia.com\/en\/product\/humidoflo-hf-2900-d\/#primaryimage\"},\"image\":{\"@id\":\"https:\/\/www.medizin-tunisia.com\/en\/product\/humidoflo-hf-2900-d\/#primaryimage\"},\"thumbnailUrl\":\"https:\/\/www.medizin-tunisia.com\/wp-content\/uploads\/2025\/09\/f_20210622152613vmb4xq.webp\",\"datePublished\":\"2025-09-19T08:18:03+00:00\",\"dateModified\":\"2025-11-26T15:46:42+00:00\",\"description\":\"Model\uff1aHF-2900D HUMIDOFLO Intensive care\/ Home care\",\"breadcrumb\":{\"@id\":\"https:\/\/www.medizin-tunisia.com\/en\/product\/humidoflo-hf-2900-d\/#breadcrumb\"},\"inLanguage\":\"en-US\",\"potentialAction\":[{\"@type\":\"ReadAction\",\"target\":[\"https:\/\/www.medizin-tunisia.com\/en\/product\/humidoflo-hf-2900-d\/\"]}]},{\"@type\":\"ImageObject\",\"inLanguage\":\"en-US\",\"@id\":\"https:\/\/www.medizin-tunisia.com\/en\/product\/humidoflo-hf-2900-d\/#primaryimage\",\"url\":\"https:\/\/www.medizin-tunisia.com\/wp-content\/uploads\/2025\/09\/f_20210622152613vmb4xq.webp\",\"contentUrl\":\"https:\/\/www.medizin-tunisia.com\/wp-content\/uploads\/2025\/09\/f_20210622152613vmb4xq.webp\",\"width\":800,\"height\":800},{\"@type\":\"BreadcrumbList\",\"@id\":\"https:\/\/www.medizin-tunisia.com\/en\/product\/humidoflo-hf-2900-d\/#breadcrumb\",\"itemListElement\":[{\"@type\":\"ListItem\",\"position\":1,\"name\":\"Accueil\",\"item\":\"https:\/\/www.medizin-tunisia.com\/en\/\"},{\"@type\":\"ListItem\",\"position\":2,\"name\":\"Shop\",\"item\":\"https:\/\/www.medizin-tunisia.com\/shop\/\"},{\"@type\":\"ListItem\",\"position\":3,\"name\":\"Humidoflo\u00ae HF-2900\u00a0D\"}]},{\"@type\":\"WebSite\",\"@id\":\"https:\/\/www.medizin-tunisia.com\/#website\",\"url\":\"https:\/\/www.medizin-tunisia.com\/\",\"name\":\"Medizin Tunisia\",\"description\":\"L\u2019excellence au service de la sant\u00e9, aujourd\u2019hui et demain\",\"publisher\":{\"@id\":\"https:\/\/www.medizin-tunisia.com\/#organization\"},\"potentialAction\":[{\"@type\":\"SearchAction\",\"target\":{\"@type\":\"EntryPoint\",\"urlTemplate\":\"https:\/\/www.medizin-tunisia.com\/?s={search_term_string}\"},\"query-input\":{\"@type\":\"PropertyValueSpecification\",\"valueRequired\":true,\"valueName\":\"search_term_string\"}}],\"inLanguage\":\"en-US\"},{\"@type\":\"Organization\",\"@id\":\"https:\/\/www.medizin-tunisia.com\/#organization\",\"name\":\"Medizin Tunisia\",\"url\":\"https:\/\/www.medizin-tunisia.com\/\",\"logo\":{\"@type\":\"ImageObject\",\"inLanguage\":\"en-US\",\"@id\":\"https:\/\/www.medizin-tunisia.com\/#\/schema\/logo\/image\/\",\"url\":\"https:\/\/www.medizin-tunisia.com\/wp-content\/uploads\/2022\/01\/logooo-1-2-1.png\",\"contentUrl\":\"https:\/\/www.medizin-tunisia.com\/wp-content\/uploads\/2022\/01\/logooo-1-2-1.png\",\"width\":320,\"height\":137,\"caption\":\"Medizin Tunisia\"},\"image\":{\"@id\":\"https:\/\/www.medizin-tunisia.com\/#\/schema\/logo\/image\/\"},\"sameAs\":[\"https:\/\/www.facebook.com\/profile.php?id=100064250676214\",\"https:\/\/www.instagram.com\/medizin.technik.service\/\"]}]}<\/script>\n<!-- \/ Yoast SEO plugin. -->","yoast_head_json":{"title":"Humidoflo\u00ae HF-2900\u00a0D | Medizin Tunisia","description":"Model\uff1aHF-2900D  HUMIDOFLO Intensive care\/ Home care","robots":{"index":"index","follow":"follow","max-snippet":"max-snippet:-1","max-image-preview":"max-image-preview:large","max-video-preview":"max-video-preview:-1"},"canonical":"https:\/\/www.medizin-tunisia.com\/en\/product\/humidoflo-hf-2900-d\/","og_locale":"en_US","og_type":"article","og_title":"Humidoflo\u00ae HF-2900\u00a0D | Medizin Tunisia","og_description":"Model\uff1aHF-2900D  HUMIDOFLO Intensive care\/ Home care","og_url":"https:\/\/www.medizin-tunisia.com\/en\/product\/humidoflo-hf-2900-d\/","og_site_name":"Medizin Tunisia","article_publisher":"https:\/\/www.facebook.com\/profile.php?id=100064250676214","article_modified_time":"2025-11-26T15:46:42+00:00","og_image":[{"width":800,"height":800,"url":"https:\/\/www.medizin-tunisia.com\/wp-content\/uploads\/2025\/09\/f_20210622152613vmb4xq.webp","type":"image\/webp"}],"twitter_card":"summary_large_image","twitter_misc":{"Est. reading time":"1 minute"},"schema":{"@context":"https:\/\/schema.org","@graph":[{"@type":"WebPage","@id":"https:\/\/www.medizin-tunisia.com\/en\/product\/humidoflo-hf-2900-d\/","url":"https:\/\/www.medizin-tunisia.com\/en\/product\/humidoflo-hf-2900-d\/","name":"Humidoflo\u00ae HF-2900\u00a0D | Medizin Tunisia","isPartOf":{"@id":"https:\/\/www.medizin-tunisia.com\/#website"},"primaryImageOfPage":{"@id":"https:\/\/www.medizin-tunisia.com\/en\/product\/humidoflo-hf-2900-d\/#primaryimage"},"image":{"@id":"https:\/\/www.medizin-tunisia.com\/en\/product\/humidoflo-hf-2900-d\/#primaryimage"},"thumbnailUrl":"https:\/\/www.medizin-tunisia.com\/wp-content\/uploads\/2025\/09\/f_20210622152613vmb4xq.webp","datePublished":"2025-09-19T08:18:03+00:00","dateModified":"2025-11-26T15:46:42+00:00","description":"Model\uff1aHF-2900D HUMIDOFLO Intensive care\/ Home care","breadcrumb":{"@id":"https:\/\/www.medizin-tunisia.com\/en\/product\/humidoflo-hf-2900-d\/#breadcrumb"},"inLanguage":"en-US","potentialAction":[{"@type":"ReadAction","target":["https:\/\/www.medizin-tunisia.com\/en\/product\/humidoflo-hf-2900-d\/"]}]},{"@type":"ImageObject","inLanguage":"en-US","@id":"https:\/\/www.medizin-tunisia.com\/en\/product\/humidoflo-hf-2900-d\/#primaryimage","url":"https:\/\/www.medizin-tunisia.com\/wp-content\/uploads\/2025\/09\/f_20210622152613vmb4xq.webp","contentUrl":"https:\/\/www.medizin-tunisia.com\/wp-content\/uploads\/2025\/09\/f_20210622152613vmb4xq.webp","width":800,"height":800},{"@type":"BreadcrumbList","@id":"https:\/\/www.medizin-tunisia.com\/en\/product\/humidoflo-hf-2900-d\/#breadcrumb","itemListElement":[{"@type":"ListItem","position":1,"name":"Accueil","item":"https:\/\/www.medizin-tunisia.com\/en\/"},{"@type":"ListItem","position":2,"name":"Shop","item":"https:\/\/www.medizin-tunisia.com\/shop\/"},{"@type":"ListItem","position":3,"name":"Humidoflo\u00ae HF-2900\u00a0D"}]},{"@type":"WebSite","@id":"https:\/\/www.medizin-tunisia.com\/#website","url":"https:\/\/www.medizin-tunisia.com\/","name":"Medizin Tunisia","description":"L\u2019excellence au service de la sant\u00e9, aujourd\u2019hui et demain","publisher":{"@id":"https:\/\/www.medizin-tunisia.com\/#organization"},"potentialAction":[{"@type":"SearchAction","target":{"@type":"EntryPoint","urlTemplate":"https:\/\/www.medizin-tunisia.com\/?s={search_term_string}"},"query-input":{"@type":"PropertyValueSpecification","valueRequired":true,"valueName":"search_term_string"}}],"inLanguage":"en-US"},{"@type":"Organization","@id":"https:\/\/www.medizin-tunisia.com\/#organization","name":"Medizin Tunisia","url":"https:\/\/www.medizin-tunisia.com\/","logo":{"@type":"ImageObject","inLanguage":"en-US","@id":"https:\/\/www.medizin-tunisia.com\/#\/schema\/logo\/image\/","url":"https:\/\/www.medizin-tunisia.com\/wp-content\/uploads\/2022\/01\/logooo-1-2-1.png","contentUrl":"https:\/\/www.medizin-tunisia.com\/wp-content\/uploads\/2022\/01\/logooo-1-2-1.png","width":320,"height":137,"caption":"Medizin Tunisia"},"image":{"@id":"https:\/\/www.medizin-tunisia.com\/#\/schema\/logo\/image\/"},"sameAs":["https:\/\/www.facebook.com\/profile.php?id=100064250676214","https:\/\/www.instagram.com\/medizin.technik.service\/"]}]}},"_links":{"self":[{"href":"https:\/\/www.medizin-tunisia.com\/en\/wp-json\/wp\/v2\/product\/30965","targetHints":{"allow":["GET"]}}],"collection":[{"href":"https:\/\/www.medizin-tunisia.com\/en\/wp-json\/wp\/v2\/product"}],"about":[{"href":"https:\/\/www.medizin-tunisia.com\/en\/wp-json\/wp\/v2\/types\/product"}],"replies":[{"embeddable":true,"href":"https:\/\/www.medizin-tunisia.com\/en\/wp-json\/wp\/v2\/comments?post=30965"}],"version-history":[{"count":6,"href":"https:\/\/www.medizin-tunisia.com\/en\/wp-json\/wp\/v2\/product\/30965\/revisions"}],"predecessor-version":[{"id":32624,"href":"https:\/\/www.medizin-tunisia.com\/en\/wp-json\/wp\/v2\/product\/30965\/revisions\/32624"}],"wp:featuredmedia":[{"embeddable":true,"href":"https:\/\/www.medizin-tunisia.com\/en\/wp-json\/wp\/v2\/media\/30966"}],"wp:attachment":[{"href":"https:\/\/www.medizin-tunisia.com\/en\/wp-json\/wp\/v2\/media?parent=30965"}],"wp:term":[{"taxonomy":"product_brand","embeddable":true,"href":"https:\/\/www.medizin-tunisia.com\/en\/wp-json\/wp\/v2\/product_brand?post=30965"},{"taxonomy":"product_cat","embeddable":true,"href":"https:\/\/www.medizin-tunisia.com\/en\/wp-json\/wp\/v2\/product_cat?post=30965"},{"taxonomy":"product_tag","embeddable":true,"href":"https:\/\/www.medizin-tunisia.com\/en\/wp-json\/wp\/v2\/product_tag?post=30965"}],"curies":[{"name":"wp","href":"https:\/\/api.w.org\/{rel}","templated":true}]}}