{"id":31283,"date":"2025-09-19T17:19:05","date_gmt":"2025-09-19T15:19:05","guid":{"rendered":"https:\/\/www.medizin-tunisia.com\/product\/f90\/"},"modified":"2025-11-28T11:58:13","modified_gmt":"2025-11-28T10:58:13","slug":"f90","status":"publish","type":"product","link":"https:\/\/www.medizin-tunisia.com\/en\/product\/f90\/","title":{"rendered":"F90"},"content":{"rendered":"\t\t<div data-elementor-type=\"wp-post\" data-elementor-id=\"31283\" class=\"elementor elementor-31283\">\n\t\t\t\t\t\t<section class=\"elementor-section elementor-top-section elementor-element elementor-element-bdbfa12 elementor-section-full_width elementor-section-stretched elementor-section-height-default elementor-section-height-default sc_fly_static\" data-id=\"bdbfa12\" data-element_type=\"section\" data-settings=\"{&quot;stretch_section&quot;:&quot;section-stretched&quot;,&quot;background_background&quot;:&quot;classic&quot;}\">\n\t\t\t\t\t\t<div class=\"elementor-container elementor-column-gap-no\">\n\t\t\t\t\t<div class=\"elementor-column elementor-col-33 elementor-top-column elementor-element elementor-element-0b1e48f sc_content_align_inherit sc_layouts_column_icons_position_left sc_fly_static\" data-id=\"0b1e48f\" data-element_type=\"column\">\n\t\t\t<div class=\"elementor-widget-wrap elementor-element-populated\">\n\t\t\t\t\t\t<div class=\"elementor-element elementor-element-ba92da1 sc_fly_static elementor-widget elementor-widget-image\" data-id=\"ba92da1\" data-element_type=\"widget\" data-widget_type=\"image.default\">\n\t\t\t\t<div class=\"elementor-widget-container\">\n\t\t\t\t\t\t\t\t\t\t\t\t\t\t\t<img decoding=\"async\" src=\"https:\/\/www.medizin-tunisia.com\/wp-content\/uploads\/elementor\/thumbs\/WhatsApp-Image-2025-11-26-a-17.39.07_7fd1eec3-rfa6url4231c2s2c54r72locutug33qr7eddtggtrs.jpg\" title=\"WhatsApp Image 2025-11-26 \u00e0 17.39.07_7fd1eec3\" alt=\"WhatsApp Image 2025-11-26 \u00e0 17.39.07_7fd1eec3\" loading=\"lazy\" \/>\t\t\t\t\t\t\t\t\t\t\t\t\t\t\t<\/div>\n\t\t\t\t<\/div>\n\t\t\t\t\t<\/div>\n\t\t<\/div>\n\t\t\t\t<div class=\"elementor-column elementor-col-66 elementor-top-column elementor-element elementor-element-1a08775 sc_content_align_inherit sc_layouts_column_icons_position_left sc_fly_static\" data-id=\"1a08775\" data-element_type=\"column\">\n\t\t\t<div class=\"elementor-widget-wrap elementor-element-populated\">\n\t\t\t\t\t\t<div class=\"elementor-element elementor-element-24b4270 elementor-widget-tablet__width-initial sc_fly_static elementor-widget elementor-widget-trx_sc_title\" data-id=\"24b4270\" data-element_type=\"widget\" data-widget_type=\"trx_sc_title.default\">\n\t\t\t\t<div class=\"elementor-widget-container\">\n\t\t\t\t\t<div\t\tclass=\"sc_title sc_title_default\" ><h1 class=\"sc_item_title sc_title_title sc_item_title_style_default sc_item_title_tag\"\n\t\t\t><span class=\"sc_item_title_text\">Aper\u00e7u de nos t\u00e9l\u00e9chargements importants\n<\/span><\/h1><\/div>\t\t\t\t<\/div>\n\t\t\t\t<\/div>\n\t\t\t\t<div class=\"elementor-element elementor-element-6d3e2ea sc_fly_static elementor-widget elementor-widget-spacer\" data-id=\"6d3e2ea\" data-element_type=\"widget\" data-widget_type=\"spacer.default\">\n\t\t\t\t<div class=\"elementor-widget-container\">\n\t\t\t\t\t\t\t<div class=\"elementor-spacer\">\n\t\t\t<div class=\"elementor-spacer-inner\"><\/div>\n\t\t<\/div>\n\t\t\t\t\t\t<\/div>\n\t\t\t\t<\/div>\n\t\t\t\t<section class=\"elementor-section elementor-inner-section elementor-element elementor-element-eab8cf4 elementor-section-boxed elementor-section-height-default elementor-section-height-default sc_fly_static\" data-id=\"eab8cf4\" data-element_type=\"section\">\n\t\t\t\t\t\t<div class=\"elementor-container elementor-column-gap-extended\">\n\t\t\t\t\t<div class=\"elementor-column elementor-col-100 elementor-inner-column elementor-element elementor-element-a0777e4 sc_content_align_inherit sc_layouts_column_icons_position_left sc_fly_static\" data-id=\"a0777e4\" data-element_type=\"column\">\n\t\t\t<div class=\"elementor-widget-wrap elementor-element-populated\">\n\t\t\t\t\t\t<div class=\"elementor-element elementor-element-d6d0232 elementor-icon-list--layout-traditional elementor-list-item-link-full_width sc_fly_static elementor-widget elementor-widget-icon-list\" data-id=\"d6d0232\" data-element_type=\"widget\" data-widget_type=\"icon-list.default\">\n\t\t\t\t<div class=\"elementor-widget-container\">\n\t\t\t\t\t\t\t<ul class=\"elementor-icon-list-items\">\n\t\t\t\t\t\t\t<li class=\"elementor-icon-list-item\">\n\t\t\t\t\t\t\t\t\t\t\t<a href=\"https:\/\/www.medizin-tunisia.com\/wp-content\/uploads\/2025\/11\/Biolight_F80-F90_catalogue_A4.pdf\" target=\"_blank\">\n\n\t\t\t\t\t\t\t\t\t\t\t\t<span class=\"elementor-icon-list-icon\">\n\t\t\t\t\t\t\t<svg xmlns=\"http:\/\/www.w3.org\/2000\/svg\" width=\"20\" height=\"20\" viewBox=\"0 0 24 24\" fill=\"none\" stroke=\"#003366\" stroke-width=\"2\" stroke-linecap=\"round\" stroke-linejoin=\"round\"><path d=\"M21 15v4a2 2 0 0 1-2 2H5a2 2 0 0 1-2-2v-4\"><\/path><polyline points=\"7 10 12 15 17 10\"><\/polyline><line x1=\"12\" y1=\"15\" x2=\"12\" y2=\"3\"><\/line><\/svg>\t\t\t\t\t\t<\/span>\n\t\t\t\t\t\t\t\t\t\t<span class=\"elementor-icon-list-text\">Brochure F90.pdf<\/span>\n\t\t\t\t\t\t\t\t\t\t\t<\/a>\n\t\t\t\t\t\t\t\t\t<\/li>\n\t\t\t\t\t\t<\/ul>\n\t\t\t\t\t\t<\/div>\n\t\t\t\t<\/div>\n\t\t\t\t\t<\/div>\n\t\t<\/div>\n\t\t\t\t\t<\/div>\n\t\t<\/section>\n\t\t\t\t<div class=\"elementor-element elementor-element-7e09975 sc_fly_static elementor-widget elementor-widget-spacer\" data-id=\"7e09975\" data-element_type=\"widget\" data-widget_type=\"spacer.default\">\n\t\t\t\t<div class=\"elementor-widget-container\">\n\t\t\t\t\t\t\t<div class=\"elementor-spacer\">\n\t\t\t<div class=\"elementor-spacer-inner\"><\/div>\n\t\t<\/div>\n\t\t\t\t\t\t<\/div>\n\t\t\t\t<\/div>\n\t\t\t\t\t<\/div>\n\t\t<\/div>\n\t\t\t\t\t<\/div>\n\t\t<\/section>\n\t\t\t\t<section class=\"elementor-section elementor-top-section elementor-element elementor-element-f7cf15d elementor-section-full_width elementor-section-stretched elementor-section-height-default elementor-section-height-default sc_fly_static\" data-id=\"f7cf15d\" data-element_type=\"section\" data-settings=\"{&quot;stretch_section&quot;:&quot;section-stretched&quot;,&quot;background_background&quot;:&quot;classic&quot;}\">\n\t\t\t\t\t\t<div class=\"elementor-container elementor-column-gap-no\">\n\t\t\t\t\t<div class=\"elementor-column elementor-col-100 elementor-top-column elementor-element elementor-element-18110e0 sc_content_align_inherit sc_layouts_column_icons_position_left sc_fly_static\" data-id=\"18110e0\" data-element_type=\"column\">\n\t\t\t<div class=\"elementor-widget-wrap elementor-element-populated\">\n\t\t\t\t\t\t<div class=\"elementor-element elementor-element-d2254a7 sc_fly_static elementor-widget elementor-widget-spacer\" data-id=\"d2254a7\" data-element_type=\"widget\" data-widget_type=\"spacer.default\">\n\t\t\t\t<div class=\"elementor-widget-container\">\n\t\t\t\t\t\t\t<div class=\"elementor-spacer\">\n\t\t\t<div class=\"elementor-spacer-inner\"><\/div>\n\t\t<\/div>\n\t\t\t\t\t\t<\/div>\n\t\t\t\t<\/div>\n\t\t\t\t<section class=\"elementor-section elementor-inner-section elementor-element elementor-element-01a2119 elementor-section-boxed elementor-section-height-default elementor-section-height-default sc_fly_static\" data-id=\"01a2119\" data-element_type=\"section\">\n\t\t\t\t\t\t<div class=\"elementor-container elementor-column-gap-extended\">\n\t\t\t\t\t<div class=\"elementor-column elementor-col-50 elementor-inner-column elementor-element elementor-element-7d8d2d5 sc_content_align_inherit sc_layouts_column_icons_position_left sc_fly_static\" data-id=\"7d8d2d5\" data-element_type=\"column\">\n\t\t\t<div class=\"elementor-widget-wrap\">\n\t\t\t\t\t\t\t<\/div>\n\t\t<\/div>\n\t\t\t\t<div class=\"elementor-column elementor-col-50 elementor-inner-column elementor-element elementor-element-69c1b82 sc_content_align_inherit sc_layouts_column_icons_position_left sc_fly_static\" data-id=\"69c1b82\" data-element_type=\"column\" data-settings=\"{&quot;background_background&quot;:&quot;classic&quot;}\">\n\t\t\t<div class=\"elementor-widget-wrap elementor-element-populated\">\n\t\t\t\t\t\t<div class=\"elementor-element elementor-element-80465f2 elementor-widget-tablet__width-initial sc_fly_static elementor-widget elementor-widget-trx_sc_title\" data-id=\"80465f2\" data-element_type=\"widget\" data-widget_type=\"trx_sc_title.default\">\n\t\t\t\t<div class=\"elementor-widget-container\">\n\t\t\t\t\t<div\t\tclass=\"sc_title sc_title_default\" ><h1 class=\"sc_item_title sc_title_title sc_item_title_style_default sc_item_title_tag trx_addons_inline_1388831044\"\n\t\t\t><span class=\"sc_item_title_text\">Votre satisfaction est notre priorit\u00e9.\n<\/span><\/h1><div class=\"sc_item_descr sc_title_descr sc_item_descr_with_custom_color trx_addons_inline_466553547\"><p>Notre \u00e9quipe est toujours pr\u00eate \u00e0 vous\u00a0accompagner.<\/p>\n<\/div><div\tclass=\"sc_item_button sc_button_wrap sc_item_button sc_item_button_default sc_item_button_size_normal sc_title_button\"><a href=\"https:\/\/www.medizin-tunisia.com\/contact\/\" class=\"sc_button sc_button_default sc_button_size_normal sc_button_icon_left\"><span class=\"sc_button_text\"><span class=\"sc_button_title\">Contactez maintenant<\/span><\/span><\/a><\/div><\/div>\t\t\t\t<\/div>\n\t\t\t\t<\/div>\n\t\t\t\t\t<\/div>\n\t\t<\/div>\n\t\t\t\t\t<\/div>\n\t\t<\/section>\n\t\t\t\t<div class=\"elementor-element elementor-element-aceeda8 sc_fly_static elementor-widget elementor-widget-spacer\" data-id=\"aceeda8\" data-element_type=\"widget\" data-widget_type=\"spacer.default\">\n\t\t\t\t<div class=\"elementor-widget-container\">\n\t\t\t\t\t\t\t<div class=\"elementor-spacer\">\n\t\t\t<div class=\"elementor-spacer-inner\"><\/div>\n\t\t<\/div>\n\t\t\t\t\t\t<\/div>\n\t\t\t\t<\/div>\n\t\t\t\t\t<\/div>\n\t\t<\/div>\n\t\t\t\t\t<\/div>\n\t\t<\/section>\n\t\t\t\t<\/div>\n\t\t","protected":false},"excerpt":{"rendered":"<p>Aper\u00e7u de nos t\u00e9l\u00e9chargements importants Brochure F90.pdf Votre satisfaction est notre priorit\u00e9. Notre \u00e9quipe est toujours pr\u00eate \u00e0 vous\u00a0accompagner. Contactez maintenant<\/p>\n","protected":false},"featured_media":33221,"comment_status":"open","ping_status":"closed","template":"","meta":{"inline_featured_image":false},"product_brand":[],"product_cat":[284,284],"product_tag":[],"class_list":{"0":"post-31283","1":"product","2":"type-product","3":"status-publish","4":"has-post-thumbnail","6":"product_cat-respiratory-ventilation-intensive-care","9":"first","10":"instock","11":"shipping-taxable","12":"product-type-simple"},"yoast_head":"<!-- This site is optimized with the Yoast SEO plugin v26.1.1 - https:\/\/yoast.com\/wordpress\/plugins\/seo\/ -->\n<title>F90 | Medizin Tunisia<\/title>\n<meta name=\"description\" content=\"Aper\u00e7u de nos t\u00e9l\u00e9chargements importants Brochure F90.pdf Votre satisfaction est notre priorit\u00e9. Notre \u00e9quipe est toujours pr\u00eate \u00e0 vous\u00a0accompagner.\" \/>\n<meta name=\"robots\" content=\"index, follow, max-snippet:-1, max-image-preview:large, max-video-preview:-1\" \/>\n<link rel=\"canonical\" href=\"https:\/\/www.medizin-tunisia.com\/en\/product\/f90\/\" \/>\n<meta property=\"og:locale\" content=\"en_US\" \/>\n<meta property=\"og:type\" content=\"article\" \/>\n<meta property=\"og:title\" content=\"F90 | Medizin Tunisia\" \/>\n<meta property=\"og:description\" content=\"Aper\u00e7u de nos t\u00e9l\u00e9chargements importants Brochure F90.pdf Votre satisfaction est notre priorit\u00e9. Notre \u00e9quipe est toujours pr\u00eate \u00e0 vous\u00a0accompagner.\" \/>\n<meta property=\"og:url\" content=\"https:\/\/www.medizin-tunisia.com\/en\/product\/f90\/\" \/>\n<meta property=\"og:site_name\" content=\"Medizin Tunisia\" \/>\n<meta property=\"article:publisher\" content=\"https:\/\/www.facebook.com\/profile.php?id=100064250676214\" \/>\n<meta property=\"article:modified_time\" content=\"2025-11-28T10:58:13+00:00\" \/>\n<meta property=\"og:image\" content=\"https:\/\/www.medizin-tunisia.com\/wp-content\/uploads\/2025\/09\/WhatsApp-Image-2025-11-28-a-11.05.12_2f91317d.jpg\" \/>\n\t<meta property=\"og:image:width\" content=\"600\" \/>\n\t<meta property=\"og:image:height\" content=\"450\" \/>\n\t<meta property=\"og:image:type\" content=\"image\/jpeg\" \/>\n<meta name=\"twitter:card\" content=\"summary_large_image\" \/>\n<meta name=\"twitter:label1\" content=\"Est. reading time\" \/>\n\t<meta name=\"twitter:data1\" content=\"1 minute\" \/>\n<script type=\"application\/ld+json\" class=\"yoast-schema-graph\">{\"@context\":\"https:\/\/schema.org\",\"@graph\":[{\"@type\":\"WebPage\",\"@id\":\"https:\/\/www.medizin-tunisia.com\/en\/product\/f90\/\",\"url\":\"https:\/\/www.medizin-tunisia.com\/en\/product\/f90\/\",\"name\":\"F90 | Medizin Tunisia\",\"isPartOf\":{\"@id\":\"https:\/\/www.medizin-tunisia.com\/#website\"},\"primaryImageOfPage\":{\"@id\":\"https:\/\/www.medizin-tunisia.com\/en\/product\/f90\/#primaryimage\"},\"image\":{\"@id\":\"https:\/\/www.medizin-tunisia.com\/en\/product\/f90\/#primaryimage\"},\"thumbnailUrl\":\"https:\/\/www.medizin-tunisia.com\/wp-content\/uploads\/2025\/09\/WhatsApp-Image-2025-11-28-a-11.05.12_2f91317d.jpg\",\"datePublished\":\"2025-09-19T15:19:05+00:00\",\"dateModified\":\"2025-11-28T10:58:13+00:00\",\"description\":\"Aper\u00e7u de nos t\u00e9l\u00e9chargements importants Brochure F90.pdf Votre satisfaction est notre priorit\u00e9. Notre \u00e9quipe est toujours pr\u00eate \u00e0 vous\u00a0accompagner.\",\"breadcrumb\":{\"@id\":\"https:\/\/www.medizin-tunisia.com\/en\/product\/f90\/#breadcrumb\"},\"inLanguage\":\"en-US\",\"potentialAction\":[{\"@type\":\"ReadAction\",\"target\":[\"https:\/\/www.medizin-tunisia.com\/en\/product\/f90\/\"]}]},{\"@type\":\"ImageObject\",\"inLanguage\":\"en-US\",\"@id\":\"https:\/\/www.medizin-tunisia.com\/en\/product\/f90\/#primaryimage\",\"url\":\"https:\/\/www.medizin-tunisia.com\/wp-content\/uploads\/2025\/09\/WhatsApp-Image-2025-11-28-a-11.05.12_2f91317d.jpg\",\"contentUrl\":\"https:\/\/www.medizin-tunisia.com\/wp-content\/uploads\/2025\/09\/WhatsApp-Image-2025-11-28-a-11.05.12_2f91317d.jpg\",\"width\":600,\"height\":450},{\"@type\":\"BreadcrumbList\",\"@id\":\"https:\/\/www.medizin-tunisia.com\/en\/product\/f90\/#breadcrumb\",\"itemListElement\":[{\"@type\":\"ListItem\",\"position\":1,\"name\":\"Accueil\",\"item\":\"https:\/\/www.medizin-tunisia.com\/en\/\"},{\"@type\":\"ListItem\",\"position\":2,\"name\":\"Shop\",\"item\":\"https:\/\/www.medizin-tunisia.com\/shop\/\"},{\"@type\":\"ListItem\",\"position\":3,\"name\":\"F90\"}]},{\"@type\":\"WebSite\",\"@id\":\"https:\/\/www.medizin-tunisia.com\/#website\",\"url\":\"https:\/\/www.medizin-tunisia.com\/\",\"name\":\"Medizin Tunisia\",\"description\":\"L\u2019excellence au service de la sant\u00e9, aujourd\u2019hui et demain\",\"publisher\":{\"@id\":\"https:\/\/www.medizin-tunisia.com\/#organization\"},\"potentialAction\":[{\"@type\":\"SearchAction\",\"target\":{\"@type\":\"EntryPoint\",\"urlTemplate\":\"https:\/\/www.medizin-tunisia.com\/?s={search_term_string}\"},\"query-input\":{\"@type\":\"PropertyValueSpecification\",\"valueRequired\":true,\"valueName\":\"search_term_string\"}}],\"inLanguage\":\"en-US\"},{\"@type\":\"Organization\",\"@id\":\"https:\/\/www.medizin-tunisia.com\/#organization\",\"name\":\"Medizin Tunisia\",\"url\":\"https:\/\/www.medizin-tunisia.com\/\",\"logo\":{\"@type\":\"ImageObject\",\"inLanguage\":\"en-US\",\"@id\":\"https:\/\/www.medizin-tunisia.com\/#\/schema\/logo\/image\/\",\"url\":\"https:\/\/www.medizin-tunisia.com\/wp-content\/uploads\/2022\/01\/logooo-1-2-1.png\",\"contentUrl\":\"https:\/\/www.medizin-tunisia.com\/wp-content\/uploads\/2022\/01\/logooo-1-2-1.png\",\"width\":320,\"height\":137,\"caption\":\"Medizin Tunisia\"},\"image\":{\"@id\":\"https:\/\/www.medizin-tunisia.com\/#\/schema\/logo\/image\/\"},\"sameAs\":[\"https:\/\/www.facebook.com\/profile.php?id=100064250676214\",\"https:\/\/www.instagram.com\/medizin.technik.service\/\"]}]}<\/script>\n<!-- \/ Yoast SEO plugin. -->","yoast_head_json":{"title":"F90 | Medizin Tunisia","description":"Aper\u00e7u de nos t\u00e9l\u00e9chargements importants Brochure F90.pdf Votre satisfaction est notre priorit\u00e9. Notre \u00e9quipe est toujours pr\u00eate \u00e0 vous\u00a0accompagner.","robots":{"index":"index","follow":"follow","max-snippet":"max-snippet:-1","max-image-preview":"max-image-preview:large","max-video-preview":"max-video-preview:-1"},"canonical":"https:\/\/www.medizin-tunisia.com\/en\/product\/f90\/","og_locale":"en_US","og_type":"article","og_title":"F90 | Medizin Tunisia","og_description":"Aper\u00e7u de nos t\u00e9l\u00e9chargements importants Brochure F90.pdf Votre satisfaction est notre priorit\u00e9. Notre \u00e9quipe est toujours pr\u00eate \u00e0 vous\u00a0accompagner.","og_url":"https:\/\/www.medizin-tunisia.com\/en\/product\/f90\/","og_site_name":"Medizin Tunisia","article_publisher":"https:\/\/www.facebook.com\/profile.php?id=100064250676214","article_modified_time":"2025-11-28T10:58:13+00:00","og_image":[{"width":600,"height":450,"url":"https:\/\/www.medizin-tunisia.com\/wp-content\/uploads\/2025\/09\/WhatsApp-Image-2025-11-28-a-11.05.12_2f91317d.jpg","type":"image\/jpeg"}],"twitter_card":"summary_large_image","twitter_misc":{"Est. reading time":"1 minute"},"schema":{"@context":"https:\/\/schema.org","@graph":[{"@type":"WebPage","@id":"https:\/\/www.medizin-tunisia.com\/en\/product\/f90\/","url":"https:\/\/www.medizin-tunisia.com\/en\/product\/f90\/","name":"F90 | Medizin Tunisia","isPartOf":{"@id":"https:\/\/www.medizin-tunisia.com\/#website"},"primaryImageOfPage":{"@id":"https:\/\/www.medizin-tunisia.com\/en\/product\/f90\/#primaryimage"},"image":{"@id":"https:\/\/www.medizin-tunisia.com\/en\/product\/f90\/#primaryimage"},"thumbnailUrl":"https:\/\/www.medizin-tunisia.com\/wp-content\/uploads\/2025\/09\/WhatsApp-Image-2025-11-28-a-11.05.12_2f91317d.jpg","datePublished":"2025-09-19T15:19:05+00:00","dateModified":"2025-11-28T10:58:13+00:00","description":"Aper\u00e7u de nos t\u00e9l\u00e9chargements importants Brochure F90.pdf Votre satisfaction est notre priorit\u00e9. Notre \u00e9quipe est toujours pr\u00eate \u00e0 vous\u00a0accompagner.","breadcrumb":{"@id":"https:\/\/www.medizin-tunisia.com\/en\/product\/f90\/#breadcrumb"},"inLanguage":"en-US","potentialAction":[{"@type":"ReadAction","target":["https:\/\/www.medizin-tunisia.com\/en\/product\/f90\/"]}]},{"@type":"ImageObject","inLanguage":"en-US","@id":"https:\/\/www.medizin-tunisia.com\/en\/product\/f90\/#primaryimage","url":"https:\/\/www.medizin-tunisia.com\/wp-content\/uploads\/2025\/09\/WhatsApp-Image-2025-11-28-a-11.05.12_2f91317d.jpg","contentUrl":"https:\/\/www.medizin-tunisia.com\/wp-content\/uploads\/2025\/09\/WhatsApp-Image-2025-11-28-a-11.05.12_2f91317d.jpg","width":600,"height":450},{"@type":"BreadcrumbList","@id":"https:\/\/www.medizin-tunisia.com\/en\/product\/f90\/#breadcrumb","itemListElement":[{"@type":"ListItem","position":1,"name":"Accueil","item":"https:\/\/www.medizin-tunisia.com\/en\/"},{"@type":"ListItem","position":2,"name":"Shop","item":"https:\/\/www.medizin-tunisia.com\/shop\/"},{"@type":"ListItem","position":3,"name":"F90"}]},{"@type":"WebSite","@id":"https:\/\/www.medizin-tunisia.com\/#website","url":"https:\/\/www.medizin-tunisia.com\/","name":"Medizin Tunisia","description":"L\u2019excellence au service de la sant\u00e9, aujourd\u2019hui et demain","publisher":{"@id":"https:\/\/www.medizin-tunisia.com\/#organization"},"potentialAction":[{"@type":"SearchAction","target":{"@type":"EntryPoint","urlTemplate":"https:\/\/www.medizin-tunisia.com\/?s={search_term_string}"},"query-input":{"@type":"PropertyValueSpecification","valueRequired":true,"valueName":"search_term_string"}}],"inLanguage":"en-US"},{"@type":"Organization","@id":"https:\/\/www.medizin-tunisia.com\/#organization","name":"Medizin Tunisia","url":"https:\/\/www.medizin-tunisia.com\/","logo":{"@type":"ImageObject","inLanguage":"en-US","@id":"https:\/\/www.medizin-tunisia.com\/#\/schema\/logo\/image\/","url":"https:\/\/www.medizin-tunisia.com\/wp-content\/uploads\/2022\/01\/logooo-1-2-1.png","contentUrl":"https:\/\/www.medizin-tunisia.com\/wp-content\/uploads\/2022\/01\/logooo-1-2-1.png","width":320,"height":137,"caption":"Medizin Tunisia"},"image":{"@id":"https:\/\/www.medizin-tunisia.com\/#\/schema\/logo\/image\/"},"sameAs":["https:\/\/www.facebook.com\/profile.php?id=100064250676214","https:\/\/www.instagram.com\/medizin.technik.service\/"]}]}},"_links":{"self":[{"href":"https:\/\/www.medizin-tunisia.com\/en\/wp-json\/wp\/v2\/product\/31283","targetHints":{"allow":["GET"]}}],"collection":[{"href":"https:\/\/www.medizin-tunisia.com\/en\/wp-json\/wp\/v2\/product"}],"about":[{"href":"https:\/\/www.medizin-tunisia.com\/en\/wp-json\/wp\/v2\/types\/product"}],"replies":[{"embeddable":true,"href":"https:\/\/www.medizin-tunisia.com\/en\/wp-json\/wp\/v2\/comments?post=31283"}],"version-history":[{"count":9,"href":"https:\/\/www.medizin-tunisia.com\/en\/wp-json\/wp\/v2\/product\/31283\/revisions"}],"predecessor-version":[{"id":33226,"href":"https:\/\/www.medizin-tunisia.com\/en\/wp-json\/wp\/v2\/product\/31283\/revisions\/33226"}],"wp:featuredmedia":[{"embeddable":true,"href":"https:\/\/www.medizin-tunisia.com\/en\/wp-json\/wp\/v2\/media\/33221"}],"wp:attachment":[{"href":"https:\/\/www.medizin-tunisia.com\/en\/wp-json\/wp\/v2\/media?parent=31283"}],"wp:term":[{"taxonomy":"product_brand","embeddable":true,"href":"https:\/\/www.medizin-tunisia.com\/en\/wp-json\/wp\/v2\/product_brand?post=31283"},{"taxonomy":"product_cat","embeddable":true,"href":"https:\/\/www.medizin-tunisia.com\/en\/wp-json\/wp\/v2\/product_cat?post=31283"},{"taxonomy":"product_tag","embeddable":true,"href":"https:\/\/www.medizin-tunisia.com\/en\/wp-json\/wp\/v2\/product_tag?post=31283"}],"curies":[{"name":"wp","href":"https:\/\/api.w.org\/{rel}","templated":true}]}}